{"id":928,"date":"2021-07-27T11:04:19","date_gmt":"2021-07-27T11:04:19","guid":{"rendered":"http:\/\/oranjevereniginghei-enboeicop.nl\/?page_id=928"},"modified":"2021-07-27T11:04:19","modified_gmt":"2021-07-27T11:04:19","slug":"erik-houtman","status":"publish","type":"page","link":"https:\/\/oranjevereniginghei-enboeicop.nl\/?page_id=928","title":{"rendered":"Erik Houtman"},"content":{"rendered":"\n<p>Ik ben Erik Houtman en heb mij aangemeld als bestuurslid van de Oranjevereniging. Ik woon al sinds 1989 in Hei-en Boeicop. Eerst op het Zwarte Paard en nu alweer 15 jaar in de Akkerstraat. Ik ben getrouwd met Saskia en heb drie kinderen, waarvan er inmiddels twee het huis uit zijn. Ik ben vorig jaar met pensioen gegaan en was nog een beetje aan het rondkijken hoe ik de nieuwe hoeveelheid vrije tijd in kon vullen, toen de oproep van de Oranjevereniging langskwam. Na \u00e9\u00e9n vergadering bijgewoond te hebben was ik al snel om. Wat mijzelf betreft ik houd van lezen, ben een fervent ski\u00ebr en breng mijn vakanties het liefst in de bergen door. Ik hoop jullie allemaal te ontmoeten op de ledenvergadering.<\/p>\n\n\n\n<figure class=\"wp-block-image size-large is-resized\"><img loading=\"lazy\" decoding=\"async\" src=\"http:\/\/oranjevereniginghei-enboeicop.nl\/wp-content\/uploads\/2021\/07\/Erik-768x1024.jpeg\" alt=\"\" class=\"wp-image-929\" width=\"277\" height=\"369\" srcset=\"https:\/\/oranjevereniginghei-enboeicop.nl\/wp-content\/uploads\/2021\/07\/Erik-768x1023.jpeg 768w, https:\/\/oranjevereniginghei-enboeicop.nl\/wp-content\/uploads\/2021\/07\/Erik-225x300.jpeg 225w, https:\/\/oranjevereniginghei-enboeicop.nl\/wp-content\/uploads\/2021\/07\/Erik-1153x1536.jpeg 1153w, https:\/\/oranjevereniginghei-enboeicop.nl\/wp-content\/uploads\/2021\/07\/Erik-520x693.jpeg 520w, https:\/\/oranjevereniginghei-enboeicop.nl\/wp-content\/uploads\/2021\/07\/Erik-740x986.jpeg 740w, https:\/\/oranjevereniginghei-enboeicop.nl\/wp-content\/uploads\/2021\/07\/Erik.jpeg 1200w\" sizes=\"auto, (max-width: 277px) 100vw, 277px\" \/><\/figure>\n","protected":false},"excerpt":{"rendered":"<p>Ik ben Erik Houtman en heb mij aangemeld als bestuurslid van de Oranjevereniging. Ik woon al sinds 1989 in Hei-en Boeicop. Eerst op het Zwarte Paard en nu alweer 15 jaar in de Akkerstraat. Ik<a class=\"read-more\" href=\"https:\/\/oranjevereniginghei-enboeicop.nl\/?page_id=928\">Verder lezen<\/a><\/p>\n","protected":false},"author":1,"featured_media":0,"parent":0,"menu_order":19,"comment_status":"closed","ping_status":"closed","template":"","meta":{"footnotes":""},"class_list":["post-928","page","type-page","status-publish","hentry"],"_links":{"self":[{"href":"https:\/\/oranjevereniginghei-enboeicop.nl\/index.php?rest_route=\/wp\/v2\/pages\/928","targetHints":{"allow":["GET"]}}],"collection":[{"href":"https:\/\/oranjevereniginghei-enboeicop.nl\/index.php?rest_route=\/wp\/v2\/pages"}],"about":[{"href":"https:\/\/oranjevereniginghei-enboeicop.nl\/index.php?rest_route=\/wp\/v2\/types\/page"}],"author":[{"embeddable":true,"href":"https:\/\/oranjevereniginghei-enboeicop.nl\/index.php?rest_route=\/wp\/v2\/users\/1"}],"replies":[{"embeddable":true,"href":"https:\/\/oranjevereniginghei-enboeicop.nl\/index.php?rest_route=%2Fwp%2Fv2%2Fcomments&post=928"}],"version-history":[{"count":1,"href":"https:\/\/oranjevereniginghei-enboeicop.nl\/index.php?rest_route=\/wp\/v2\/pages\/928\/revisions"}],"predecessor-version":[{"id":931,"href":"https:\/\/oranjevereniginghei-enboeicop.nl\/index.php?rest_route=\/wp\/v2\/pages\/928\/revisions\/931"}],"wp:attachment":[{"href":"https:\/\/oranjevereniginghei-enboeicop.nl\/index.php?rest_route=%2Fwp%2Fv2%2Fmedia&parent=928"}],"curies":[{"name":"wp","href":"https:\/\/api.w.org\/{rel}","templated":true}]}}